{"id":5938,"date":"2025-09-01T22:41:23","date_gmt":"2025-09-01T20:41:23","guid":{"rendered":"https:\/\/ma-checklist.fr\/blog\/?page_id=5938"},"modified":"2025-09-01T22:53:52","modified_gmt":"2025-09-01T20:53:52","slug":"mentions-legales","status":"publish","type":"page","link":"https:\/\/ma-checklist.fr\/blog\/mentions-legales\/","title":{"rendered":"Mentions l\u00e9gales"},"content":{"rendered":"<h2>Informations sur l&rsquo;\u00e9diteur du site<\/h2>\n<p><strong>Nom\/D\u00e9nomination sociale :<\/strong> G. Vaudaine<br \/>\n<strong>Forme juridique : <\/strong>Auto-entrepreneur<br \/>\n<strong>Adresse :<\/strong> 77 bd Eug\u00e8ne Pierre Marseille<\/p>\n<p><strong>Email :<\/strong> tarabusk@gmail.com<br \/>\n<strong>Num\u00e9ro SIRET :<\/strong> <span style=\"font-weight: 400;\">75105121000043<\/span><\/p>\n<p><strong>Responsable de la publication :<\/strong> tarabusk.net<br \/>\n<strong>Responsable de la r\u00e9daction :<\/strong> tarabusk.net<\/p>\n<h2>Informations sur l&rsquo;h\u00e9bergeur<\/h2>\n<p>Le site est h\u00e9berg\u00e9 par :<\/p>\n<p><strong>OVH SAS<\/strong><br \/>\nSi\u00e8ge social : 2 rue Kellermann &#8211; 59100 Roubaix &#8211; France<br \/>\nT\u00e9l\u00e9phone : 1007 (appel non surtax\u00e9 depuis la France)<br \/>\nSite web : https:\/\/www.ovh.com<br \/>\nSIRET : 424 761 419 00045<br \/>\nCode APE : 2620Z<br \/>\nNum\u00e9ro TVA : FR 22 424 761 419<\/p>\n<h2>Propri\u00e9t\u00e9 intellectuelle<\/h2>\n<p>L&rsquo;ensemble du contenu de ce site (textes, images, vid\u00e9os, logos, ic\u00f4nes, sons, logiciels, etc.) est prot\u00e9g\u00e9 par le droit d&rsquo;auteur, le droit des marques et\/ou autres droits de propri\u00e9t\u00e9 intellectuelle. Ces \u00e9l\u00e9ments sont la propri\u00e9t\u00e9 exclusive de tarabusk.net ou font l&rsquo;objet d&rsquo;une autorisation d&rsquo;utilisation.<\/p>\n<p>Toute reproduction, repr\u00e9sentation, modification, publication, adaptation de tout ou partie des \u00e9l\u00e9ments du site, quel que soit le moyen ou le proc\u00e9d\u00e9 utilis\u00e9, est interdite, sauf autorisation \u00e9crite pr\u00e9alable de tarabusk.net.<\/p>\n<p>Toute exploitation non autoris\u00e9e du site ou de l&rsquo;un quelconque des \u00e9l\u00e9ments qu&rsquo;il contient sera consid\u00e9r\u00e9e comme constitutive d&rsquo;une contrefa\u00e7on et poursuivie conform\u00e9ment aux dispositions des articles L.335-2 et suivants du Code de Propri\u00e9t\u00e9 Intellectuelle.<\/p>\n<h2>Donn\u00e9es personnelles et cookies<\/h2>\n<h3>Collecte des donn\u00e9es personnelles<\/h3>\n<p>Conform\u00e9ment \u00e0 la loi \u00ab informatique et libert\u00e9s \u00bb du 6 janvier 1978 modifi\u00e9e et au R\u00e8glement G\u00e9n\u00e9ral sur la Protection des Donn\u00e9es (RGPD), vous disposez d&rsquo;un droit d&rsquo;acc\u00e8s, de rectification, de suppression et d&rsquo;opposition au traitement de vos donn\u00e9es personnelles.<\/p>\n<p>Les informations recueillies sur ce site sont enregistr\u00e9es dans un fichier informatis\u00e9 par tarabusk.net pour la gestion des checklists personnalis\u00e9es. Elles sont conserv\u00e9es pendant 2 ans et sont destin\u00e9es uniquement \u00e0 tarabusk.net<\/p>\n<p>Pour exercer vos droits, vous pouvez nous contacter \u00e0 l&rsquo;adresse email : tarabusk.net ou par courrier postal \u00e0 l&rsquo;adresse mentionn\u00e9e ci-dessus.<\/p>\n<h3>Cookies<\/h3>\n<p>Ce site utilise des cookies pour am\u00e9liorer l&rsquo;exp\u00e9rience utilisateur et analyser le trafic. En continuant \u00e0 naviguer sur ce site, vous acceptez l&rsquo;utilisation des cookies.<\/p>\n<p>Les cookies utilis\u00e9s sont :<\/p>\n<ul>\n<li>Cookies techniques n\u00e9cessaires au fonctionnement du site<\/li>\n<li>Cookies de mesure d&rsquo;audience (Google Analytics)<\/li>\n<\/ul>\n<p>Vous pouvez param\u00e9trer votre navigateur pour refuser les cookies ou \u00eatre alert\u00e9 de leur d\u00e9p\u00f4t.<\/p>\n<h2>Limitation de responsabilit\u00e9<\/h2>\n<p>tarabusk.net s&rsquo;efforce de fournir sur le site des informations aussi pr\u00e9cises que possible. Toutefois, il ne pourra \u00eatre tenu responsable des omissions, des inexactitudes et des carences dans la mise \u00e0 jour, qu&rsquo;elles soient de son fait ou du fait des tiers partenaires qui lui fournissent ces informations.<\/p>\n<p>Tous les informations indiqu\u00e9es sur le site sont donn\u00e9es \u00e0 titre indicatif, et sont susceptibles d&rsquo;\u00e9voluer. Par ailleurs, les renseignements figurant sur le site ne sont pas exhaustifs. Ils sont donn\u00e9s sous r\u00e9serve de modifications ayant \u00e9t\u00e9 apport\u00e9es depuis leur mise en ligne.<\/p>\n<h2>Droit applicable et attribution de juridiction<\/h2>\n<p>Tout litige en relation avec l&rsquo;utilisation du site ma-checklist.fr\u00a0 est soumis au droit fran\u00e7ais. En dehors des cas o\u00f9 la loi ne le permet pas, il est fait attribution exclusive de juridiction aux tribunaux comp\u00e9tents de Marseille.<\/p>\n<h2>Liens hypertextes<\/h2>\n<p>Le site peut contenir des liens hypertextes vers d&rsquo;autres sites pr\u00e9sents sur le r\u00e9seau Internet. tarabusk.net ne saurait \u00eatre responsable du contenu de ces sites externes ni des liens qu&rsquo;ils peuvent contenir.<\/p>\n<p>La cr\u00e9ation de liens hypertextes vers le site ma-checklist.fr\u00a0 n\u00e9cessite l&rsquo;autorisation pr\u00e9alable et \u00e9crite de tarabusk.net .<\/p>\n<h2>\u00c9volution des mentions l\u00e9gales<\/h2>\n<p>tarabusk.net se r\u00e9serve le droit de modifier les pr\u00e9sentes mentions l\u00e9gales \u00e0 tout moment. Il est donc conseill\u00e9 de les consulter r\u00e9guli\u00e8rement.<\/p>\n<hr \/>\n<p><strong>Derni\u00e8re mise \u00e0 jour :<\/strong> 1er Septembre 2025<\/p>\n<hr \/>\n<p><em>En cas de question concernant ces mentions l\u00e9gales, vous pouvez nous contacter \u00e0 l&rsquo;adresse : tarabusk@gmail.com<\/em><\/p>\n","protected":false},"excerpt":{"rendered":"<p>Informations sur l&rsquo;\u00e9diteur du site Nom\/D\u00e9nomination sociale : G. Vaudaine Forme juridique : Auto-entrepreneur Adresse : 77 bd Eug\u00e8ne Pierre Marseille Email : tarabusk@gmail.com Num\u00e9ro&#8230;<\/p>\n","protected":false},"author":1,"featured_media":0,"parent":0,"menu_order":0,"comment_status":"closed","ping_status":"closed","template":"","meta":{"footnotes":""},"class_list":["post-5938","page","type-page","status-publish"],"yoast_head":"<!-- This site is optimized with the Yoast SEO plugin v25.8 - https:\/\/yoast.com\/wordpress\/plugins\/seo\/ -->\n<title>Mentions l\u00e9gales - Ma checklist Randonn\u00e9e<\/title>\n<meta name=\"robots\" content=\"noindex, follow\" \/>\n<meta property=\"og:locale\" content=\"fr_FR\" \/>\n<meta property=\"og:type\" content=\"article\" \/>\n<meta property=\"og:title\" content=\"Mentions l\u00e9gales - Ma checklist Randonn\u00e9e\" \/>\n<meta property=\"og:description\" content=\"Informations sur l&rsquo;\u00e9diteur du site Nom\/D\u00e9nomination sociale : G. Vaudaine Forme juridique : Auto-entrepreneur Adresse : 77 bd Eug\u00e8ne Pierre Marseille Email : tarabusk@gmail.com Num\u00e9ro...\" \/>\n<meta property=\"og:url\" content=\"https:\/\/ma-checklist.fr\/blog\/mentions-legales\/\" \/>\n<meta property=\"og:site_name\" content=\"Ma checklist Randonn\u00e9e\" \/>\n<meta property=\"article:modified_time\" content=\"2025-09-01T20:53:52+00:00\" \/>\n<meta name=\"twitter:card\" content=\"summary_large_image\" \/>\n<script type=\"application\/ld+json\" class=\"yoast-schema-graph\">{\"@context\":\"https:\/\/schema.org\",\"@graph\":[{\"@type\":\"WebPage\",\"@id\":\"https:\/\/ma-checklist.fr\/blog\/mentions-legales\/\",\"url\":\"https:\/\/ma-checklist.fr\/blog\/mentions-legales\/\",\"name\":\"Mentions l\u00e9gales - Ma checklist Randonn\u00e9e\",\"isPartOf\":{\"@id\":\"https:\/\/ma-checklist.fr\/blog\/#website\"},\"datePublished\":\"2025-09-01T20:41:23+00:00\",\"dateModified\":\"2025-09-01T20:53:52+00:00\",\"breadcrumb\":{\"@id\":\"https:\/\/ma-checklist.fr\/blog\/mentions-legales\/#breadcrumb\"},\"inLanguage\":\"fr-FR\",\"potentialAction\":[{\"@type\":\"ReadAction\",\"target\":[\"https:\/\/ma-checklist.fr\/blog\/mentions-legales\/\"]}]},{\"@type\":\"BreadcrumbList\",\"@id\":\"https:\/\/ma-checklist.fr\/blog\/mentions-legales\/#breadcrumb\",\"itemListElement\":[{\"@type\":\"ListItem\",\"position\":1,\"name\":\"Accueil\",\"item\":\"https:\/\/ma-checklist.fr\/blog\/\"},{\"@type\":\"ListItem\",\"position\":2,\"name\":\"Mentions l\u00e9gales\"}]},{\"@type\":\"WebSite\",\"@id\":\"https:\/\/ma-checklist.fr\/blog\/#website\",\"url\":\"https:\/\/ma-checklist.fr\/blog\/\",\"name\":\"Ma checklist Randonn\u00e9e\",\"description\":\"Bien pr\u00e9parer ses randonn\u00e9es \/ v\u00e9lo \/ marche\",\"potentialAction\":[{\"@type\":\"SearchAction\",\"target\":{\"@type\":\"EntryPoint\",\"urlTemplate\":\"https:\/\/ma-checklist.fr\/blog\/?s={search_term_string}\"},\"query-input\":{\"@type\":\"PropertyValueSpecification\",\"valueRequired\":true,\"valueName\":\"search_term_string\"}}],\"inLanguage\":\"fr-FR\"}]}<\/script>\n<!-- \/ Yoast SEO plugin. -->","yoast_head_json":{"title":"Mentions l\u00e9gales - Ma checklist Randonn\u00e9e","robots":{"index":"noindex","follow":"follow"},"og_locale":"fr_FR","og_type":"article","og_title":"Mentions l\u00e9gales - Ma checklist Randonn\u00e9e","og_description":"Informations sur l&rsquo;\u00e9diteur du site Nom\/D\u00e9nomination sociale : G. Vaudaine Forme juridique : Auto-entrepreneur Adresse : 77 bd Eug\u00e8ne Pierre Marseille Email : tarabusk@gmail.com Num\u00e9ro...","og_url":"https:\/\/ma-checklist.fr\/blog\/mentions-legales\/","og_site_name":"Ma checklist Randonn\u00e9e","article_modified_time":"2025-09-01T20:53:52+00:00","twitter_card":"summary_large_image","schema":{"@context":"https:\/\/schema.org","@graph":[{"@type":"WebPage","@id":"https:\/\/ma-checklist.fr\/blog\/mentions-legales\/","url":"https:\/\/ma-checklist.fr\/blog\/mentions-legales\/","name":"Mentions l\u00e9gales - Ma checklist Randonn\u00e9e","isPartOf":{"@id":"https:\/\/ma-checklist.fr\/blog\/#website"},"datePublished":"2025-09-01T20:41:23+00:00","dateModified":"2025-09-01T20:53:52+00:00","breadcrumb":{"@id":"https:\/\/ma-checklist.fr\/blog\/mentions-legales\/#breadcrumb"},"inLanguage":"fr-FR","potentialAction":[{"@type":"ReadAction","target":["https:\/\/ma-checklist.fr\/blog\/mentions-legales\/"]}]},{"@type":"BreadcrumbList","@id":"https:\/\/ma-checklist.fr\/blog\/mentions-legales\/#breadcrumb","itemListElement":[{"@type":"ListItem","position":1,"name":"Accueil","item":"https:\/\/ma-checklist.fr\/blog\/"},{"@type":"ListItem","position":2,"name":"Mentions l\u00e9gales"}]},{"@type":"WebSite","@id":"https:\/\/ma-checklist.fr\/blog\/#website","url":"https:\/\/ma-checklist.fr\/blog\/","name":"Ma checklist Randonn\u00e9e","description":"Bien pr\u00e9parer ses randonn\u00e9es \/ v\u00e9lo \/ marche","potentialAction":[{"@type":"SearchAction","target":{"@type":"EntryPoint","urlTemplate":"https:\/\/ma-checklist.fr\/blog\/?s={search_term_string}"},"query-input":{"@type":"PropertyValueSpecification","valueRequired":true,"valueName":"search_term_string"}}],"inLanguage":"fr-FR"}]}},"_links":{"self":[{"href":"https:\/\/ma-checklist.fr\/blog\/wp-json\/wp\/v2\/pages\/5938","targetHints":{"allow":["GET"]}}],"collection":[{"href":"https:\/\/ma-checklist.fr\/blog\/wp-json\/wp\/v2\/pages"}],"about":[{"href":"https:\/\/ma-checklist.fr\/blog\/wp-json\/wp\/v2\/types\/page"}],"author":[{"embeddable":true,"href":"https:\/\/ma-checklist.fr\/blog\/wp-json\/wp\/v2\/users\/1"}],"replies":[{"embeddable":true,"href":"https:\/\/ma-checklist.fr\/blog\/wp-json\/wp\/v2\/comments?post=5938"}],"version-history":[{"count":4,"href":"https:\/\/ma-checklist.fr\/blog\/wp-json\/wp\/v2\/pages\/5938\/revisions"}],"predecessor-version":[{"id":5944,"href":"https:\/\/ma-checklist.fr\/blog\/wp-json\/wp\/v2\/pages\/5938\/revisions\/5944"}],"wp:attachment":[{"href":"https:\/\/ma-checklist.fr\/blog\/wp-json\/wp\/v2\/media?parent=5938"}],"curies":[{"name":"wp","href":"https:\/\/api.w.org\/{rel}","templated":true}]}}